{"id":3033,"date":"2023-05-24T10:08:02","date_gmt":"2023-05-24T08:08:02","guid":{"rendered":"https:\/\/inspem.it\/prodotto\/suela-de-panuelo\/"},"modified":"2023-05-24T10:08:02","modified_gmt":"2023-05-24T08:08:02","slug":"suela-de-panuelo","status":"publish","type":"product","link":"https:\/\/inspem.it\/es\/prodotto\/suela-de-panuelo\/","title":{"rendered":"Suela de Pa\u00f1uelo"},"content":{"rendered":"<p>Descubra nuestro pa\u00f1uelo Pa\u00f1uelo Sole, una explosi\u00f3n de colores que representa la alegr\u00eda y la diversidad de la creaci\u00f3n. Cada color simboliza una de las muchas bendiciones de la vida, haciendo de este pa\u00f1uelo una expresi\u00f3n \u00fanica de gratitud y vitalidad.<\/p>\n","protected":false},"excerpt":{"rendered":"<p>Descubra nuestro pa\u00f1uelo Pa\u00f1uelo Sole, una explosi\u00f3n de colores que representa la alegr\u00eda y la diversidad de la creaci\u00f3n. Cada color simboliza una de las muchas bendiciones de la vida, haciendo de este pa\u00f1uelo una expresi\u00f3n \u00fanica de gratitud y vitalidad.<\/p>\n","protected":false},"featured_media":2741,"template":"","meta":[],"product_brand":[],"product_cat":[109,108],"product_tag":[],"class_list":{"0":"post-3033","1":"product","2":"type-product","3":"status-publish","4":"has-post-thumbnail","6":"product_cat-bufandas","7":"product_cat-ropa","9":"first","10":"instock","11":"purchasable","12":"product-type-simple"},"yoast_head":"<!-- This site is optimized with the Yoast SEO plugin v26.5 - https:\/\/yoast.com\/wordpress\/plugins\/seo\/ -->\n<title>Pa\u00f1uelo Sole - Expresi\u00f3n de alegr\u00eda y diversidad | Inspem.it<\/title>\n<meta name=\"description\" content=\"Explore nuestro pa\u00f1uelo Pa\u00f1uelo Sole, perfecto para un look alegre y lleno de vida. Compra ahora en Inspem.es y a\u00f1ade un toque de color a tu atuendo.\" \/>\n<meta name=\"robots\" content=\"index, follow, max-snippet:-1, max-image-preview:large, max-video-preview:-1\" \/>\n<link rel=\"canonical\" href=\"https:\/\/inspem.it\/es\/prodotto\/suela-de-panuelo\/\" \/>\n<meta property=\"og:locale\" content=\"es_ES\" \/>\n<meta property=\"og:type\" content=\"article\" \/>\n<meta property=\"og:title\" content=\"Pa\u00f1uelo Sole - Expresi\u00f3n de alegr\u00eda y diversidad | Inspem.it\" \/>\n<meta property=\"og:description\" content=\"Explore nuestro pa\u00f1uelo Pa\u00f1uelo Sole, perfecto para un look alegre y lleno de vida. Compra ahora en Inspem.es y a\u00f1ade un toque de color a tu atuendo.\" \/>\n<meta property=\"og:url\" content=\"https:\/\/inspem.it\/es\/prodotto\/suela-de-panuelo\/\" \/>\n<meta property=\"og:site_name\" content=\"InSpem\" \/>\n<meta property=\"og:image\" content=\"https:\/\/inspem.it\/wp-content\/uploads\/2023\/05\/DSC08954.webp\" \/>\n\t<meta property=\"og:image:width\" content=\"1000\" \/>\n\t<meta property=\"og:image:height\" content=\"1000\" \/>\n\t<meta property=\"og:image:type\" content=\"image\/webp\" \/>\n<meta name=\"twitter:card\" content=\"summary_large_image\" \/>\n<script type=\"application\/ld+json\" class=\"yoast-schema-graph\">{\"@context\":\"https:\/\/schema.org\",\"@graph\":[{\"@type\":\"WebPage\",\"@id\":\"https:\/\/inspem.it\/es\/prodotto\/suela-de-panuelo\/\",\"url\":\"https:\/\/inspem.it\/es\/prodotto\/suela-de-panuelo\/\",\"name\":\"Pa\u00f1uelo Sole - Expresi\u00f3n de alegr\u00eda y diversidad | Inspem.it\",\"isPartOf\":{\"@id\":\"https:\/\/inspem.it\/es\/#website\"},\"primaryImageOfPage\":{\"@id\":\"https:\/\/inspem.it\/es\/prodotto\/suela-de-panuelo\/#primaryimage\"},\"image\":{\"@id\":\"https:\/\/inspem.it\/es\/prodotto\/suela-de-panuelo\/#primaryimage\"},\"thumbnailUrl\":\"https:\/\/inspem.it\/wp-content\/uploads\/2023\/05\/DSC08954.webp\",\"datePublished\":\"2023-05-24T08:08:02+00:00\",\"description\":\"Explore nuestro pa\u00f1uelo Pa\u00f1uelo Sole, perfecto para un look alegre y lleno de vida. Compra ahora en Inspem.es y a\u00f1ade un toque de color a tu atuendo.\",\"breadcrumb\":{\"@id\":\"https:\/\/inspem.it\/es\/prodotto\/suela-de-panuelo\/#breadcrumb\"},\"inLanguage\":\"es\",\"potentialAction\":[{\"@type\":\"ReadAction\",\"target\":[\"https:\/\/inspem.it\/es\/prodotto\/suela-de-panuelo\/\"]}]},{\"@type\":\"ImageObject\",\"inLanguage\":\"es\",\"@id\":\"https:\/\/inspem.it\/es\/prodotto\/suela-de-panuelo\/#primaryimage\",\"url\":\"https:\/\/inspem.it\/wp-content\/uploads\/2023\/05\/DSC08954.webp\",\"contentUrl\":\"https:\/\/inspem.it\/wp-content\/uploads\/2023\/05\/DSC08954.webp\",\"width\":1000,\"height\":1000,\"caption\":\"Suela de Pa\u00f1uelo\"},{\"@type\":\"BreadcrumbList\",\"@id\":\"https:\/\/inspem.it\/es\/prodotto\/suela-de-panuelo\/#breadcrumb\",\"itemListElement\":[{\"@type\":\"ListItem\",\"position\":1,\"name\":\"Home\",\"item\":\"https:\/\/inspem.it\/es\/inicio\/\"},{\"@type\":\"ListItem\",\"position\":2,\"name\":\"Tienda\",\"item\":\"https:\/\/inspem.it\/es\/tienda\/\"},{\"@type\":\"ListItem\",\"position\":3,\"name\":\"Suela de Pa\u00f1uelo\"}]},{\"@type\":\"WebSite\",\"@id\":\"https:\/\/inspem.it\/es\/#website\",\"url\":\"https:\/\/inspem.it\/es\/\",\"name\":\"InSpem\",\"description\":\"\",\"publisher\":{\"@id\":\"https:\/\/inspem.it\/es\/#organization\"},\"potentialAction\":[{\"@type\":\"SearchAction\",\"target\":{\"@type\":\"EntryPoint\",\"urlTemplate\":\"https:\/\/inspem.it\/es\/?s={search_term_string}\"},\"query-input\":{\"@type\":\"PropertyValueSpecification\",\"valueRequired\":true,\"valueName\":\"search_term_string\"}}],\"inLanguage\":\"es\"},{\"@type\":\"Organization\",\"@id\":\"https:\/\/inspem.it\/es\/#organization\",\"name\":\"InSpem\",\"url\":\"https:\/\/inspem.it\/es\/\",\"logo\":{\"@type\":\"ImageObject\",\"inLanguage\":\"es\",\"@id\":\"https:\/\/inspem.it\/es\/#\/schema\/logo\/image\/\",\"url\":\"https:\/\/inspem.it\/wp-content\/uploads\/2023\/03\/logo_spes_black.png\",\"contentUrl\":\"https:\/\/inspem.it\/wp-content\/uploads\/2023\/03\/logo_spes_black.png\",\"width\":512,\"height\":136,\"caption\":\"InSpem\"},\"image\":{\"@id\":\"https:\/\/inspem.it\/es\/#\/schema\/logo\/image\/\"}}]}<\/script>\n<!-- \/ Yoast SEO plugin. -->","yoast_head_json":{"title":"Pa\u00f1uelo Sole - Expresi\u00f3n de alegr\u00eda y diversidad | Inspem.it","description":"Explore nuestro pa\u00f1uelo Pa\u00f1uelo Sole, perfecto para un look alegre y lleno de vida. Compra ahora en Inspem.es y a\u00f1ade un toque de color a tu atuendo.","robots":{"index":"index","follow":"follow","max-snippet":"max-snippet:-1","max-image-preview":"max-image-preview:large","max-video-preview":"max-video-preview:-1"},"canonical":"https:\/\/inspem.it\/es\/prodotto\/suela-de-panuelo\/","og_locale":"es_ES","og_type":"article","og_title":"Pa\u00f1uelo Sole - Expresi\u00f3n de alegr\u00eda y diversidad | Inspem.it","og_description":"Explore nuestro pa\u00f1uelo Pa\u00f1uelo Sole, perfecto para un look alegre y lleno de vida. Compra ahora en Inspem.es y a\u00f1ade un toque de color a tu atuendo.","og_url":"https:\/\/inspem.it\/es\/prodotto\/suela-de-panuelo\/","og_site_name":"InSpem","og_image":[{"width":1000,"height":1000,"url":"https:\/\/inspem.it\/wp-content\/uploads\/2023\/05\/DSC08954.webp","type":"image\/webp"}],"twitter_card":"summary_large_image","schema":{"@context":"https:\/\/schema.org","@graph":[{"@type":"WebPage","@id":"https:\/\/inspem.it\/es\/prodotto\/suela-de-panuelo\/","url":"https:\/\/inspem.it\/es\/prodotto\/suela-de-panuelo\/","name":"Pa\u00f1uelo Sole - Expresi\u00f3n de alegr\u00eda y diversidad | Inspem.it","isPartOf":{"@id":"https:\/\/inspem.it\/es\/#website"},"primaryImageOfPage":{"@id":"https:\/\/inspem.it\/es\/prodotto\/suela-de-panuelo\/#primaryimage"},"image":{"@id":"https:\/\/inspem.it\/es\/prodotto\/suela-de-panuelo\/#primaryimage"},"thumbnailUrl":"https:\/\/inspem.it\/wp-content\/uploads\/2023\/05\/DSC08954.webp","datePublished":"2023-05-24T08:08:02+00:00","description":"Explore nuestro pa\u00f1uelo Pa\u00f1uelo Sole, perfecto para un look alegre y lleno de vida. Compra ahora en Inspem.es y a\u00f1ade un toque de color a tu atuendo.","breadcrumb":{"@id":"https:\/\/inspem.it\/es\/prodotto\/suela-de-panuelo\/#breadcrumb"},"inLanguage":"es","potentialAction":[{"@type":"ReadAction","target":["https:\/\/inspem.it\/es\/prodotto\/suela-de-panuelo\/"]}]},{"@type":"ImageObject","inLanguage":"es","@id":"https:\/\/inspem.it\/es\/prodotto\/suela-de-panuelo\/#primaryimage","url":"https:\/\/inspem.it\/wp-content\/uploads\/2023\/05\/DSC08954.webp","contentUrl":"https:\/\/inspem.it\/wp-content\/uploads\/2023\/05\/DSC08954.webp","width":1000,"height":1000,"caption":"Suela de Pa\u00f1uelo"},{"@type":"BreadcrumbList","@id":"https:\/\/inspem.it\/es\/prodotto\/suela-de-panuelo\/#breadcrumb","itemListElement":[{"@type":"ListItem","position":1,"name":"Home","item":"https:\/\/inspem.it\/es\/inicio\/"},{"@type":"ListItem","position":2,"name":"Tienda","item":"https:\/\/inspem.it\/es\/tienda\/"},{"@type":"ListItem","position":3,"name":"Suela de Pa\u00f1uelo"}]},{"@type":"WebSite","@id":"https:\/\/inspem.it\/es\/#website","url":"https:\/\/inspem.it\/es\/","name":"InSpem","description":"","publisher":{"@id":"https:\/\/inspem.it\/es\/#organization"},"potentialAction":[{"@type":"SearchAction","target":{"@type":"EntryPoint","urlTemplate":"https:\/\/inspem.it\/es\/?s={search_term_string}"},"query-input":{"@type":"PropertyValueSpecification","valueRequired":true,"valueName":"search_term_string"}}],"inLanguage":"es"},{"@type":"Organization","@id":"https:\/\/inspem.it\/es\/#organization","name":"InSpem","url":"https:\/\/inspem.it\/es\/","logo":{"@type":"ImageObject","inLanguage":"es","@id":"https:\/\/inspem.it\/es\/#\/schema\/logo\/image\/","url":"https:\/\/inspem.it\/wp-content\/uploads\/2023\/03\/logo_spes_black.png","contentUrl":"https:\/\/inspem.it\/wp-content\/uploads\/2023\/03\/logo_spes_black.png","width":512,"height":136,"caption":"InSpem"},"image":{"@id":"https:\/\/inspem.it\/es\/#\/schema\/logo\/image\/"}}]}},"_links":{"self":[{"href":"https:\/\/inspem.it\/es\/wp-json\/wp\/v2\/product\/3033","targetHints":{"allow":["GET"]}}],"collection":[{"href":"https:\/\/inspem.it\/es\/wp-json\/wp\/v2\/product"}],"about":[{"href":"https:\/\/inspem.it\/es\/wp-json\/wp\/v2\/types\/product"}],"wp:featuredmedia":[{"embeddable":true,"href":"https:\/\/inspem.it\/es\/wp-json\/wp\/v2\/media\/2741"}],"wp:attachment":[{"href":"https:\/\/inspem.it\/es\/wp-json\/wp\/v2\/media?parent=3033"}],"wp:term":[{"taxonomy":"product_brand","embeddable":true,"href":"https:\/\/inspem.it\/es\/wp-json\/wp\/v2\/product_brand?post=3033"},{"taxonomy":"product_cat","embeddable":true,"href":"https:\/\/inspem.it\/es\/wp-json\/wp\/v2\/product_cat?post=3033"},{"taxonomy":"product_tag","embeddable":true,"href":"https:\/\/inspem.it\/es\/wp-json\/wp\/v2\/product_tag?post=3033"}],"curies":[{"name":"wp","href":"https:\/\/api.w.org\/{rel}","templated":true}]}}