{"id":3037,"date":"2024-02-08T14:00:44","date_gmt":"2024-02-08T13:00:44","guid":{"rendered":"https:\/\/inspem.it\/prodotto\/panuelo-mare\/"},"modified":"2024-03-12T09:42:12","modified_gmt":"2024-03-12T08:42:12","slug":"panuelo-mare","status":"publish","type":"product","link":"https:\/\/inspem.it\/es\/prodotto\/panuelo-mare\/","title":{"rendered":"Pa\u00f1uelo Mare"},"content":{"rendered":"<p>Luce un pa\u00f1uelo envolvente en un tono azul intenso, que recuerda la tranquila inmensidad del mar en una noche sin luna. Este accesorio es un homenaje a la serenidad del alma, un compa\u00f1ero ideal en los momentos de meditaci\u00f3n y contemplaci\u00f3n espiritual. Su matiz, rico e intenso, es una invitaci\u00f3n a sumergirse en un oasis de paz interior.<\/p>\n","protected":false},"excerpt":{"rendered":"<p>Luce un pa\u00f1uelo envolvente en un tono azul intenso, que recuerda la tranquila inmensidad del mar en una noche sin luna. Este accesorio es un homenaje a la serenidad del alma, un compa\u00f1ero ideal en los momentos de meditaci\u00f3n y contemplaci\u00f3n espiritual. Su matiz, rico e intenso, es una invitaci\u00f3n a sumergirse en un oasis [&hellip;]<\/p>\n","protected":false},"featured_media":2731,"template":"","meta":[],"product_brand":[],"product_cat":[109,108],"product_tag":[],"class_list":{"0":"post-3037","1":"product","2":"type-product","3":"status-publish","4":"has-post-thumbnail","6":"product_cat-bufandas","7":"product_cat-ropa","9":"first","10":"instock","11":"purchasable","12":"product-type-simple"},"yoast_head":"<!-- This site is optimized with the Yoast SEO plugin v26.5 - https:\/\/yoast.com\/wordpress\/plugins\/seo\/ -->\n<title>Pa\u00f1uelo Mare - Profundidades Serena | Inspem.it<\/title>\n<meta name=\"description\" content=\"Descubra el pa\u00f1uelo Pa\u00f1uelo Mare, azul profundo y sereno. Compre en Inspem.es y a\u00f1ada un toque de tranquilidad a su d\u00eda.\" \/>\n<meta name=\"robots\" content=\"index, follow, max-snippet:-1, max-image-preview:large, max-video-preview:-1\" \/>\n<link rel=\"canonical\" href=\"https:\/\/inspem.it\/es\/prodotto\/panuelo-mare\/\" \/>\n<meta property=\"og:locale\" content=\"es_ES\" \/>\n<meta property=\"og:type\" content=\"article\" \/>\n<meta property=\"og:title\" content=\"Pa\u00f1uelo Mare - Profundidades Serena | Inspem.it\" \/>\n<meta property=\"og:description\" content=\"Descubra el pa\u00f1uelo Pa\u00f1uelo Mare, azul profundo y sereno. Compre en Inspem.es y a\u00f1ada un toque de tranquilidad a su d\u00eda.\" \/>\n<meta property=\"og:url\" content=\"https:\/\/inspem.it\/es\/prodotto\/panuelo-mare\/\" \/>\n<meta property=\"og:site_name\" content=\"InSpem\" \/>\n<meta property=\"article:modified_time\" content=\"2024-03-12T08:42:12+00:00\" \/>\n<meta property=\"og:image\" content=\"https:\/\/inspem.it\/wp-content\/uploads\/2024\/02\/DSC08955.webp\" \/>\n\t<meta property=\"og:image:width\" content=\"1000\" \/>\n\t<meta property=\"og:image:height\" content=\"1000\" \/>\n\t<meta property=\"og:image:type\" content=\"image\/webp\" \/>\n<meta name=\"twitter:card\" content=\"summary_large_image\" \/>\n<script type=\"application\/ld+json\" class=\"yoast-schema-graph\">{\"@context\":\"https:\/\/schema.org\",\"@graph\":[{\"@type\":\"WebPage\",\"@id\":\"https:\/\/inspem.it\/es\/prodotto\/panuelo-mare\/\",\"url\":\"https:\/\/inspem.it\/es\/prodotto\/panuelo-mare\/\",\"name\":\"Pa\u00f1uelo Mare - Profundidades Serena | Inspem.it\",\"isPartOf\":{\"@id\":\"https:\/\/inspem.it\/es\/#website\"},\"primaryImageOfPage\":{\"@id\":\"https:\/\/inspem.it\/es\/prodotto\/panuelo-mare\/#primaryimage\"},\"image\":{\"@id\":\"https:\/\/inspem.it\/es\/prodotto\/panuelo-mare\/#primaryimage\"},\"thumbnailUrl\":\"https:\/\/inspem.it\/wp-content\/uploads\/2024\/02\/DSC08955.webp\",\"datePublished\":\"2024-02-08T13:00:44+00:00\",\"dateModified\":\"2024-03-12T08:42:12+00:00\",\"description\":\"Descubra el pa\u00f1uelo Pa\u00f1uelo Mare, azul profundo y sereno. Compre en Inspem.es y a\u00f1ada un toque de tranquilidad a su d\u00eda.\",\"breadcrumb\":{\"@id\":\"https:\/\/inspem.it\/es\/prodotto\/panuelo-mare\/#breadcrumb\"},\"inLanguage\":\"es\",\"potentialAction\":[{\"@type\":\"ReadAction\",\"target\":[\"https:\/\/inspem.it\/es\/prodotto\/panuelo-mare\/\"]}]},{\"@type\":\"ImageObject\",\"inLanguage\":\"es\",\"@id\":\"https:\/\/inspem.it\/es\/prodotto\/panuelo-mare\/#primaryimage\",\"url\":\"https:\/\/inspem.it\/wp-content\/uploads\/2024\/02\/DSC08955.webp\",\"contentUrl\":\"https:\/\/inspem.it\/wp-content\/uploads\/2024\/02\/DSC08955.webp\",\"width\":1000,\"height\":1000,\"caption\":\"Pa\u00f1uelo Mare\"},{\"@type\":\"BreadcrumbList\",\"@id\":\"https:\/\/inspem.it\/es\/prodotto\/panuelo-mare\/#breadcrumb\",\"itemListElement\":[{\"@type\":\"ListItem\",\"position\":1,\"name\":\"Home\",\"item\":\"https:\/\/inspem.it\/es\/inicio\/\"},{\"@type\":\"ListItem\",\"position\":2,\"name\":\"Tienda\",\"item\":\"https:\/\/inspem.it\/es\/tienda\/\"},{\"@type\":\"ListItem\",\"position\":3,\"name\":\"Pa\u00f1uelo Mare\"}]},{\"@type\":\"WebSite\",\"@id\":\"https:\/\/inspem.it\/es\/#website\",\"url\":\"https:\/\/inspem.it\/es\/\",\"name\":\"InSpem\",\"description\":\"\",\"publisher\":{\"@id\":\"https:\/\/inspem.it\/es\/#organization\"},\"potentialAction\":[{\"@type\":\"SearchAction\",\"target\":{\"@type\":\"EntryPoint\",\"urlTemplate\":\"https:\/\/inspem.it\/es\/?s={search_term_string}\"},\"query-input\":{\"@type\":\"PropertyValueSpecification\",\"valueRequired\":true,\"valueName\":\"search_term_string\"}}],\"inLanguage\":\"es\"},{\"@type\":\"Organization\",\"@id\":\"https:\/\/inspem.it\/es\/#organization\",\"name\":\"InSpem\",\"url\":\"https:\/\/inspem.it\/es\/\",\"logo\":{\"@type\":\"ImageObject\",\"inLanguage\":\"es\",\"@id\":\"https:\/\/inspem.it\/es\/#\/schema\/logo\/image\/\",\"url\":\"https:\/\/inspem.it\/wp-content\/uploads\/2023\/03\/logo_spes_black.png\",\"contentUrl\":\"https:\/\/inspem.it\/wp-content\/uploads\/2023\/03\/logo_spes_black.png\",\"width\":512,\"height\":136,\"caption\":\"InSpem\"},\"image\":{\"@id\":\"https:\/\/inspem.it\/es\/#\/schema\/logo\/image\/\"}}]}<\/script>\n<!-- \/ Yoast SEO plugin. -->","yoast_head_json":{"title":"Pa\u00f1uelo Mare - Profundidades Serena | Inspem.it","description":"Descubra el pa\u00f1uelo Pa\u00f1uelo Mare, azul profundo y sereno. Compre en Inspem.es y a\u00f1ada un toque de tranquilidad a su d\u00eda.","robots":{"index":"index","follow":"follow","max-snippet":"max-snippet:-1","max-image-preview":"max-image-preview:large","max-video-preview":"max-video-preview:-1"},"canonical":"https:\/\/inspem.it\/es\/prodotto\/panuelo-mare\/","og_locale":"es_ES","og_type":"article","og_title":"Pa\u00f1uelo Mare - Profundidades Serena | Inspem.it","og_description":"Descubra el pa\u00f1uelo Pa\u00f1uelo Mare, azul profundo y sereno. Compre en Inspem.es y a\u00f1ada un toque de tranquilidad a su d\u00eda.","og_url":"https:\/\/inspem.it\/es\/prodotto\/panuelo-mare\/","og_site_name":"InSpem","article_modified_time":"2024-03-12T08:42:12+00:00","og_image":[{"width":1000,"height":1000,"url":"https:\/\/inspem.it\/wp-content\/uploads\/2024\/02\/DSC08955.webp","type":"image\/webp"}],"twitter_card":"summary_large_image","schema":{"@context":"https:\/\/schema.org","@graph":[{"@type":"WebPage","@id":"https:\/\/inspem.it\/es\/prodotto\/panuelo-mare\/","url":"https:\/\/inspem.it\/es\/prodotto\/panuelo-mare\/","name":"Pa\u00f1uelo Mare - Profundidades Serena | Inspem.it","isPartOf":{"@id":"https:\/\/inspem.it\/es\/#website"},"primaryImageOfPage":{"@id":"https:\/\/inspem.it\/es\/prodotto\/panuelo-mare\/#primaryimage"},"image":{"@id":"https:\/\/inspem.it\/es\/prodotto\/panuelo-mare\/#primaryimage"},"thumbnailUrl":"https:\/\/inspem.it\/wp-content\/uploads\/2024\/02\/DSC08955.webp","datePublished":"2024-02-08T13:00:44+00:00","dateModified":"2024-03-12T08:42:12+00:00","description":"Descubra el pa\u00f1uelo Pa\u00f1uelo Mare, azul profundo y sereno. Compre en Inspem.es y a\u00f1ada un toque de tranquilidad a su d\u00eda.","breadcrumb":{"@id":"https:\/\/inspem.it\/es\/prodotto\/panuelo-mare\/#breadcrumb"},"inLanguage":"es","potentialAction":[{"@type":"ReadAction","target":["https:\/\/inspem.it\/es\/prodotto\/panuelo-mare\/"]}]},{"@type":"ImageObject","inLanguage":"es","@id":"https:\/\/inspem.it\/es\/prodotto\/panuelo-mare\/#primaryimage","url":"https:\/\/inspem.it\/wp-content\/uploads\/2024\/02\/DSC08955.webp","contentUrl":"https:\/\/inspem.it\/wp-content\/uploads\/2024\/02\/DSC08955.webp","width":1000,"height":1000,"caption":"Pa\u00f1uelo Mare"},{"@type":"BreadcrumbList","@id":"https:\/\/inspem.it\/es\/prodotto\/panuelo-mare\/#breadcrumb","itemListElement":[{"@type":"ListItem","position":1,"name":"Home","item":"https:\/\/inspem.it\/es\/inicio\/"},{"@type":"ListItem","position":2,"name":"Tienda","item":"https:\/\/inspem.it\/es\/tienda\/"},{"@type":"ListItem","position":3,"name":"Pa\u00f1uelo Mare"}]},{"@type":"WebSite","@id":"https:\/\/inspem.it\/es\/#website","url":"https:\/\/inspem.it\/es\/","name":"InSpem","description":"","publisher":{"@id":"https:\/\/inspem.it\/es\/#organization"},"potentialAction":[{"@type":"SearchAction","target":{"@type":"EntryPoint","urlTemplate":"https:\/\/inspem.it\/es\/?s={search_term_string}"},"query-input":{"@type":"PropertyValueSpecification","valueRequired":true,"valueName":"search_term_string"}}],"inLanguage":"es"},{"@type":"Organization","@id":"https:\/\/inspem.it\/es\/#organization","name":"InSpem","url":"https:\/\/inspem.it\/es\/","logo":{"@type":"ImageObject","inLanguage":"es","@id":"https:\/\/inspem.it\/es\/#\/schema\/logo\/image\/","url":"https:\/\/inspem.it\/wp-content\/uploads\/2023\/03\/logo_spes_black.png","contentUrl":"https:\/\/inspem.it\/wp-content\/uploads\/2023\/03\/logo_spes_black.png","width":512,"height":136,"caption":"InSpem"},"image":{"@id":"https:\/\/inspem.it\/es\/#\/schema\/logo\/image\/"}}]}},"_links":{"self":[{"href":"https:\/\/inspem.it\/es\/wp-json\/wp\/v2\/product\/3037","targetHints":{"allow":["GET"]}}],"collection":[{"href":"https:\/\/inspem.it\/es\/wp-json\/wp\/v2\/product"}],"about":[{"href":"https:\/\/inspem.it\/es\/wp-json\/wp\/v2\/types\/product"}],"wp:featuredmedia":[{"embeddable":true,"href":"https:\/\/inspem.it\/es\/wp-json\/wp\/v2\/media\/2731"}],"wp:attachment":[{"href":"https:\/\/inspem.it\/es\/wp-json\/wp\/v2\/media?parent=3037"}],"wp:term":[{"taxonomy":"product_brand","embeddable":true,"href":"https:\/\/inspem.it\/es\/wp-json\/wp\/v2\/product_brand?post=3037"},{"taxonomy":"product_cat","embeddable":true,"href":"https:\/\/inspem.it\/es\/wp-json\/wp\/v2\/product_cat?post=3037"},{"taxonomy":"product_tag","embeddable":true,"href":"https:\/\/inspem.it\/es\/wp-json\/wp\/v2\/product_tag?post=3037"}],"curies":[{"name":"wp","href":"https:\/\/api.w.org\/{rel}","templated":true}]}}